{"id":38,"date":"2023-03-17T11:05:56","date_gmt":"2023-03-17T10:05:56","guid":{"rendered":"https:\/\/providadevelopment.hu\/?page_id=38"},"modified":"2023-03-20T08:47:36","modified_gmt":"2023-03-20T07:47:36","slug":"uj-oldal","status":"publish","type":"page","link":"http:\/\/providadevelopment.hu\/?page_id=38","title":{"rendered":"Megval\u00f3sult p\u00e1ly\u00e1zataink"},"content":{"rendered":"\n<div class=\"is-layout-flex wp-container-3 wp-block-columns\">\n<div class=\"is-layout-flow wp-block-column\" style=\"flex-basis:66.66%\">\n<p><img decoding=\"async\" loading=\"lazy\" width=\"153\" height=\"86\" src=\"\"><strong>Kedvezm\u00e9nyezett neve: Provida Development Kft.&nbsp;&nbsp;&nbsp;&nbsp;&nbsp;&nbsp;&nbsp;&nbsp;&nbsp;&nbsp;&nbsp;&nbsp;&nbsp; &nbsp;&nbsp;&nbsp;&nbsp;&nbsp;&nbsp;&nbsp;&nbsp;&nbsp;&nbsp;&nbsp;&nbsp;&nbsp;&nbsp;&nbsp;&nbsp;&nbsp;&nbsp;&nbsp;&nbsp;&nbsp;&nbsp;&nbsp;&nbsp;&nbsp;&nbsp;<\/strong><\/p>\n\n\n\n<p><strong>Kedvezm\u00e9nyezett c\u00edme: 3910 Tokaj, Kossuth t\u00e9r 1.<\/strong><\/p>\n\n\n\n<p><strong>\u00dcgyf\u00e9l-azonos\u00edt\u00f3: 1058313961<\/strong><\/p>\n\n\n\n<p><strong>Projekt azonos\u00edt\u00f3ja: 3309037357<\/strong><\/p>\n\n\n\n<p><strong>Szakmai besz\u00e1mol\u00f3 \u2013 <a>D\u00e9l-Zempl\u00e9ni Vid\u00e9kfejleszt\u00e9si Sz\u00f6vets\u00e9g \u2013 Helyi fejleszt\u00e9sek t\u00e1mogat\u00e1sa c\u00edm\u0171, VP6-19.2.1-24-8.2.1-21 k\u00f3dsz\u00e1m\u00fa <\/a>felh\u00edv\u00e1sa alapj\u00e1n ny\u00fajtott t\u00e1mogat\u00e1sr\u00f3l.<\/strong><\/p>\n\n\n\n<p>A Provida Development Kft. a D\u00e9l-Zempl\u00e9ni Vid\u00e9kfejleszt\u00e9si Sz\u00f6vets\u00e9g Helyi fejleszt\u00e9sek t\u00e1mogat\u00e1sa VP6-19.2.1-24-8.2.1-21 k\u00f3dsz\u00e1m\u00fa felh\u00edv\u00e1s keret\u00e9n bel\u00fcl 4.164.330 Ft vissza nem t\u00e9r\u00edtend\u0151 t\u00e1mogat\u00e1sban r\u00e9szes\u00fclt.<\/p>\n\n\n\n<p>A 3309037357 projekt azonos\u00edt\u00f3val rendelkez\u0151 k\u00e9relemben 3910 Tokaj Kossuth t\u00e9r 1. sz\u00e1m alatt jelenleg is m\u0171k\u00f6d\u0151 irod\u00e1ban eszk\u00f6z\u00f6k beszerz\u00e9se szerepel, melynek megval\u00f3s\u00edt\u00e1sa a T\u00e1mogat\u00f3i Okirat k\u00e9zhezv\u00e9tel\u00e9t k\u00f6vet\u0151en megkezd\u0151d\u00f6tt.<\/p>\n\n\n\n<p>A besz\u00e1mol\u00e1si <a>id\u0151szakban a t\u00e1mogat\u00f3i okiratban foglalt eszk\u00f6z\u00f6k beszerz\u00e9s<\/a>e az AGRON Technologies Kft-t\u0151l megt\u00f6rt\u00e9nt, 1 db DJI Zenmuse L1 kamera \u00e9s 1 db DJI Zenmuse P1 kamera 2023.02.22-\u00e9n \u00fczembehelyez\u00e9sre ker\u00fclt.<\/p>\n\n\n\n<p>A projekt c\u00e9lja, vagyis a t\u00e9rinformatikai felm\u00e9r\u00e9shez kapcsol\u00f3d\u00f3 \u00faj szolg\u00e1ltat\u00e1s l\u00e9trehoz\u00e1sa &#8211; a speci\u00e1lis dr\u00f3nkamer\u00e1k seg\u00edts\u00e9g\u00e9vel \u2013 teljes\u00fclt, ezzel egy\u00fctt megval\u00f3sul a c\u00e9g \u00faj piacra val\u00f3 nyit\u00e1sa, tev\u00e9kenys\u00e9g\u00e9nek diverzifik\u00e1l\u00e1sa, mely stabilabb m\u0171k\u00f6d\u00e9st tud biztos\u00edtani.<\/p>\n<\/div>\n\n\n\n<div class=\"is-layout-flow wp-block-column\" style=\"flex-basis:33.33%\">\n<figure class=\"wp-block-image size-full\"><img decoding=\"async\" loading=\"lazy\" width=\"383\" height=\"164\" src=\"https:\/\/providadevelopment.hu\/wp-content\/uploads\/2023\/03\/image.png\" alt=\"\" class=\"wp-image-54\" srcset=\"http:\/\/providadevelopment.hu\/wp-content\/uploads\/2023\/03\/image.png 383w, http:\/\/providadevelopment.hu\/wp-content\/uploads\/2023\/03\/image-300x128.png 300w\" sizes=\"(max-width: 383px) 100vw, 383px\" \/><\/figure>\n<\/div>\n<\/div>\n","protected":false},"excerpt":{"rendered":"<p>Kedvezm\u00e9nyezett neve: Provida Development Kft.&nbsp;&nbsp;&nbsp;&nbsp;&nbsp;&nbsp;&nbsp;&nbsp;&nbsp;&nbsp;&nbsp;&nbsp;&nbsp; &nbsp;&nbsp;&nbsp;&nbsp;&nbsp;&nbsp;&nbsp;&nbsp;&nbsp;&nbsp;&nbsp;&nbsp;&nbsp;&nbsp;&nbsp;&nbsp;&nbsp;&nbsp;&nbsp;&nbsp;&nbsp;&nbsp;&nbsp;&nbsp;&nbsp;&nbsp; Kedvezm\u00e9nyezett c\u00edme: 3910 Tokaj, Kossuth t\u00e9r 1. \u00dcgyf\u00e9l-azonos\u00edt\u00f3: 1058313961 Projekt azonos\u00edt\u00f3ja: 3309037357 Szakmai besz\u00e1mol\u00f3 \u2013 D\u00e9l-Zempl\u00e9ni Vid\u00e9kfejleszt\u00e9si Sz\u00f6vets\u00e9g \u2013 Helyi fejleszt\u00e9sek t\u00e1mogat\u00e1sa c\u00edm\u0171, VP6-19.2.1-24-8.2.1-21 k\u00f3dsz\u00e1m\u00fa felh\u00edv\u00e1sa alapj\u00e1n ny\u00fajtott t\u00e1mogat\u00e1sr\u00f3l. A Provida Development Kft. a D\u00e9l-Zempl\u00e9ni Vid\u00e9kfejleszt\u00e9si Sz\u00f6vets\u00e9g Helyi fejleszt\u00e9sek t\u00e1mogat\u00e1sa VP6-19.2.1-24-8.2.1-21 k\u00f3dsz\u00e1m\u00fa felh\u00edv\u00e1s keret\u00e9n bel\u00fcl 4.164.330 Ft vissza nem [&hellip;]<\/p>\n","protected":false},"author":1,"featured_media":0,"parent":0,"menu_order":0,"comment_status":"closed","ping_status":"closed","template":"","meta":{"_mi_skip_tracking":false},"yoast_head":"<!-- This site is optimized with the Yoast SEO plugin v20.3 - https:\/\/yoast.com\/wordpress\/plugins\/seo\/ -->\n<title>Megval\u00f3sult p\u00e1ly\u00e1zataink - providadevelopment.hu<\/title>\n<meta name=\"robots\" content=\"index, follow, max-snippet:-1, max-image-preview:large, max-video-preview:-1\" \/>\n<link rel=\"canonical\" href=\"https:\/\/providadevelopment.hu\/?page_id=38\" \/>\n<meta property=\"og:locale\" content=\"hu_HU\" \/>\n<meta property=\"og:type\" content=\"article\" \/>\n<meta property=\"og:title\" content=\"Megval\u00f3sult p\u00e1ly\u00e1zataink - providadevelopment.hu\" \/>\n<meta property=\"og:description\" content=\"Kedvezm\u00e9nyezett neve: Provida Development Kft.&nbsp;&nbsp;&nbsp;&nbsp;&nbsp;&nbsp;&nbsp;&nbsp;&nbsp;&nbsp;&nbsp;&nbsp;&nbsp; &nbsp;&nbsp;&nbsp;&nbsp;&nbsp;&nbsp;&nbsp;&nbsp;&nbsp;&nbsp;&nbsp;&nbsp;&nbsp;&nbsp;&nbsp;&nbsp;&nbsp;&nbsp;&nbsp;&nbsp;&nbsp;&nbsp;&nbsp;&nbsp;&nbsp;&nbsp; Kedvezm\u00e9nyezett c\u00edme: 3910 Tokaj, Kossuth t\u00e9r 1. \u00dcgyf\u00e9l-azonos\u00edt\u00f3: 1058313961 Projekt azonos\u00edt\u00f3ja: 3309037357 Szakmai besz\u00e1mol\u00f3 \u2013 D\u00e9l-Zempl\u00e9ni Vid\u00e9kfejleszt\u00e9si Sz\u00f6vets\u00e9g \u2013 Helyi fejleszt\u00e9sek t\u00e1mogat\u00e1sa c\u00edm\u0171, VP6-19.2.1-24-8.2.1-21 k\u00f3dsz\u00e1m\u00fa felh\u00edv\u00e1sa alapj\u00e1n ny\u00fajtott t\u00e1mogat\u00e1sr\u00f3l. A Provida Development Kft. a D\u00e9l-Zempl\u00e9ni Vid\u00e9kfejleszt\u00e9si Sz\u00f6vets\u00e9g Helyi fejleszt\u00e9sek t\u00e1mogat\u00e1sa VP6-19.2.1-24-8.2.1-21 k\u00f3dsz\u00e1m\u00fa felh\u00edv\u00e1s keret\u00e9n bel\u00fcl 4.164.330 Ft vissza nem [&hellip;]\" \/>\n<meta property=\"og:url\" content=\"https:\/\/providadevelopment.hu\/?page_id=38\" \/>\n<meta property=\"og:site_name\" content=\"providadevelopment.hu\" \/>\n<meta property=\"article:modified_time\" content=\"2023-03-20T07:47:36+00:00\" \/>\n<meta property=\"og:image\" content=\"https:\/\/providadevelopment.hu\/wp-content\/uploads\/2023\/03\/image.png\" \/>\n<meta name=\"twitter:card\" content=\"summary_large_image\" \/>\n<meta name=\"twitter:label1\" content=\"Becs\u00fclt olvas\u00e1si id\u0151\" \/>\n\t<meta name=\"twitter:data1\" content=\"2 perc\" \/>\n<script type=\"application\/ld+json\" class=\"yoast-schema-graph\">{\"@context\":\"https:\/\/schema.org\",\"@graph\":[{\"@type\":\"WebPage\",\"@id\":\"https:\/\/providadevelopment.hu\/?page_id=38\",\"url\":\"https:\/\/providadevelopment.hu\/?page_id=38\",\"name\":\"Megval\u00f3sult p\u00e1ly\u00e1zataink - providadevelopment.hu\",\"isPartOf\":{\"@id\":\"https:\/\/providadevelopment.hu\/#website\"},\"datePublished\":\"2023-03-17T10:05:56+00:00\",\"dateModified\":\"2023-03-20T07:47:36+00:00\",\"breadcrumb\":{\"@id\":\"https:\/\/providadevelopment.hu\/?page_id=38#breadcrumb\"},\"inLanguage\":\"hu\",\"potentialAction\":[{\"@type\":\"ReadAction\",\"target\":[\"https:\/\/providadevelopment.hu\/?page_id=38\"]}]},{\"@type\":\"BreadcrumbList\",\"@id\":\"https:\/\/providadevelopment.hu\/?page_id=38#breadcrumb\",\"itemListElement\":[{\"@type\":\"ListItem\",\"position\":1,\"name\":\"Home\",\"item\":\"https:\/\/providadevelopment.hu\/\"},{\"@type\":\"ListItem\",\"position\":2,\"name\":\"Megval\u00f3sult p\u00e1ly\u00e1zataink\"}]},{\"@type\":\"WebSite\",\"@id\":\"https:\/\/providadevelopment.hu\/#website\",\"url\":\"https:\/\/providadevelopment.hu\/\",\"name\":\"providadevelopment.hu\",\"description\":\"\",\"potentialAction\":[{\"@type\":\"SearchAction\",\"target\":{\"@type\":\"EntryPoint\",\"urlTemplate\":\"https:\/\/providadevelopment.hu\/?s={search_term_string}\"},\"query-input\":\"required name=search_term_string\"}],\"inLanguage\":\"hu\"}]}<\/script>\n<!-- \/ Yoast SEO plugin. -->","yoast_head_json":{"title":"Megval\u00f3sult p\u00e1ly\u00e1zataink - providadevelopment.hu","robots":{"index":"index","follow":"follow","max-snippet":"max-snippet:-1","max-image-preview":"max-image-preview:large","max-video-preview":"max-video-preview:-1"},"canonical":"https:\/\/providadevelopment.hu\/?page_id=38","og_locale":"hu_HU","og_type":"article","og_title":"Megval\u00f3sult p\u00e1ly\u00e1zataink - providadevelopment.hu","og_description":"Kedvezm\u00e9nyezett neve: Provida Development Kft.&nbsp;&nbsp;&nbsp;&nbsp;&nbsp;&nbsp;&nbsp;&nbsp;&nbsp;&nbsp;&nbsp;&nbsp;&nbsp; &nbsp;&nbsp;&nbsp;&nbsp;&nbsp;&nbsp;&nbsp;&nbsp;&nbsp;&nbsp;&nbsp;&nbsp;&nbsp;&nbsp;&nbsp;&nbsp;&nbsp;&nbsp;&nbsp;&nbsp;&nbsp;&nbsp;&nbsp;&nbsp;&nbsp;&nbsp; Kedvezm\u00e9nyezett c\u00edme: 3910 Tokaj, Kossuth t\u00e9r 1. \u00dcgyf\u00e9l-azonos\u00edt\u00f3: 1058313961 Projekt azonos\u00edt\u00f3ja: 3309037357 Szakmai besz\u00e1mol\u00f3 \u2013 D\u00e9l-Zempl\u00e9ni Vid\u00e9kfejleszt\u00e9si Sz\u00f6vets\u00e9g \u2013 Helyi fejleszt\u00e9sek t\u00e1mogat\u00e1sa c\u00edm\u0171, VP6-19.2.1-24-8.2.1-21 k\u00f3dsz\u00e1m\u00fa felh\u00edv\u00e1sa alapj\u00e1n ny\u00fajtott t\u00e1mogat\u00e1sr\u00f3l. A Provida Development Kft. a D\u00e9l-Zempl\u00e9ni Vid\u00e9kfejleszt\u00e9si Sz\u00f6vets\u00e9g Helyi fejleszt\u00e9sek t\u00e1mogat\u00e1sa VP6-19.2.1-24-8.2.1-21 k\u00f3dsz\u00e1m\u00fa felh\u00edv\u00e1s keret\u00e9n bel\u00fcl 4.164.330 Ft vissza nem [&hellip;]","og_url":"https:\/\/providadevelopment.hu\/?page_id=38","og_site_name":"providadevelopment.hu","article_modified_time":"2023-03-20T07:47:36+00:00","og_image":[{"url":"https:\/\/providadevelopment.hu\/wp-content\/uploads\/2023\/03\/image.png"}],"twitter_card":"summary_large_image","twitter_misc":{"Becs\u00fclt olvas\u00e1si id\u0151":"2 perc"},"schema":{"@context":"https:\/\/schema.org","@graph":[{"@type":"WebPage","@id":"https:\/\/providadevelopment.hu\/?page_id=38","url":"https:\/\/providadevelopment.hu\/?page_id=38","name":"Megval\u00f3sult p\u00e1ly\u00e1zataink - providadevelopment.hu","isPartOf":{"@id":"https:\/\/providadevelopment.hu\/#website"},"datePublished":"2023-03-17T10:05:56+00:00","dateModified":"2023-03-20T07:47:36+00:00","breadcrumb":{"@id":"https:\/\/providadevelopment.hu\/?page_id=38#breadcrumb"},"inLanguage":"hu","potentialAction":[{"@type":"ReadAction","target":["https:\/\/providadevelopment.hu\/?page_id=38"]}]},{"@type":"BreadcrumbList","@id":"https:\/\/providadevelopment.hu\/?page_id=38#breadcrumb","itemListElement":[{"@type":"ListItem","position":1,"name":"Home","item":"https:\/\/providadevelopment.hu\/"},{"@type":"ListItem","position":2,"name":"Megval\u00f3sult p\u00e1ly\u00e1zataink"}]},{"@type":"WebSite","@id":"https:\/\/providadevelopment.hu\/#website","url":"https:\/\/providadevelopment.hu\/","name":"providadevelopment.hu","description":"","potentialAction":[{"@type":"SearchAction","target":{"@type":"EntryPoint","urlTemplate":"https:\/\/providadevelopment.hu\/?s={search_term_string}"},"query-input":"required name=search_term_string"}],"inLanguage":"hu"}]}},"_links":{"self":[{"href":"http:\/\/providadevelopment.hu\/index.php?rest_route=\/wp\/v2\/pages\/38"}],"collection":[{"href":"http:\/\/providadevelopment.hu\/index.php?rest_route=\/wp\/v2\/pages"}],"about":[{"href":"http:\/\/providadevelopment.hu\/index.php?rest_route=\/wp\/v2\/types\/page"}],"author":[{"embeddable":true,"href":"http:\/\/providadevelopment.hu\/index.php?rest_route=\/wp\/v2\/users\/1"}],"replies":[{"embeddable":true,"href":"http:\/\/providadevelopment.hu\/index.php?rest_route=%2Fwp%2Fv2%2Fcomments&post=38"}],"version-history":[{"count":2,"href":"http:\/\/providadevelopment.hu\/index.php?rest_route=\/wp\/v2\/pages\/38\/revisions"}],"predecessor-version":[{"id":55,"href":"http:\/\/providadevelopment.hu\/index.php?rest_route=\/wp\/v2\/pages\/38\/revisions\/55"}],"wp:attachment":[{"href":"http:\/\/providadevelopment.hu\/index.php?rest_route=%2Fwp%2Fv2%2Fmedia&parent=38"}],"curies":[{"name":"wp","href":"https:\/\/api.w.org\/{rel}","templated":true}]}}