{"id":24,"date":"2023-03-16T15:05:57","date_gmt":"2023-03-16T14:05:57","guid":{"rendered":"https:\/\/providadevelopment.hu\/?page_id=24"},"modified":"2023-03-20T08:52:50","modified_gmt":"2023-03-20T07:52:50","slug":"bemutatkozas","status":"publish","type":"page","link":"http:\/\/providadevelopment.hu\/","title":{"rendered":"Bemutatkoz\u00e1s"},"content":{"rendered":"\n<p>A Provida Development Kft. 2014-ben alakult, kezdetben \u00e9s jelenleg is f\u0151tev\u00e9kenys\u00e9gk\u00e9nt Eur\u00f3pai Uni\u00f3s p\u00e1ly\u00e1zatok projektmenedzsmentj\u00e9t l\u00e1tja el Tokaj-Hegyalj\u00e1n. A c\u00e9g fejl\u0151d\u00e9s\u00e9t a helyi ig\u00e9nyek \u2013 a beruh\u00e1z\u00e1sokhoz k\u00f6zel, megfelel\u0151 szak\u00e9rtelemmel rendelkez\u0151 menedzsment &#8211; gener\u00e1lt\u00e1k.<\/p>\n\n\n\n<p>A c\u00e9g sz\u00e9khelye Tokajban van, stabil \u00fcgyf\u00e9lk\u00f6rrel rendelkezik, amely sz\u00e1mottev\u0151en Tokaj-Hegyalj\u00e1r\u00f3l \u00e9s a k\u00f6rny\u00e9kr\u0151l sz\u00e1rmazik, de emellett sz\u00e1mos f\u0151v\u00e1rosi c\u00e9get is partnerei k\u00f6z\u00f6tt tudhat. Az \u00e9vek \u00f3ta fenn\u00e1ll\u00f3, hossz\u00fa t\u00e1v\u00fa \u00fczleti partnereknek k\u00f6sz\u00f6nhet\u0151en az \u00faj \u00fcgyfelek aj\u00e1nl\u00e1sok \u00fatj\u00e1n \u00e9rkeznek.<\/p>\n\n\n\n<p><\/p>\n\n\n\n<h2>Szolg\u00e1ltat\u00e1sok<\/h2>\n\n\n\n<h3>Projektmenedzsment<\/h3>\n\n\n\n<div class=\"is-layout-flex wp-container-3 wp-block-columns\">\n<div class=\"is-layout-flow wp-block-column\">\n<p>A c\u00e9g f\u0151tev\u00e9kenys\u00e9ge a projektmenedzsment szolg\u00e1ltat\u00e1s, amely ter\u00fcleten k\u00f6zel egy \u00e9vtizedes tapasztalattal rendelkezik. Portf\u00f3li\u00f3j\u00e1ban d\u00f6nt\u0151 t\u00f6bbs\u00e9g\u00e9ben az Eur\u00f3pai Uni\u00f3s p\u00e1ly\u00e1zatok meg\u00edr\u00e1sa \u00e9s annak menedzsel\u00e9se jelenik meg, ugyanakkor sz\u00e1mos megrendel\u0151t kiszolg\u00e1lt m\u00e1r a hazai p\u00e1ly\u00e1zati forr\u00e1sok ir\u00e1nt \u00e9rdekl\u0151d\u0151k k\u00f6r\u00e9b\u0151l is. A c\u00e9g a hat\u00e9kony munkav\u00e9gz\u00e9s \u00e9rdek\u00e9ben stabilan m\u0171k\u00f6d\u0151 bels\u0151 protokollok ment\u00e9n v\u00e9gzi szolg\u00e1ltat\u00e1s\u00e1t, amellyel \u00edgy a legmagasabb sz\u00ednvonalon szolg\u00e1lja ki \u00fcgyfeleit.<\/p>\n\n\n\n<p>Amennyiben \u00d6n is ig\u00e9nyt tart szolg\u00e1ltat\u00e1sunka, k\u00e9rj\u00fck vegye fel vel\u00fcnk a kapcsolatot a k\u00f6vetkez\u0151 telefonsz\u00e1mon, ahol a n\u00e9h\u00e1ny perces el\u0151zetes ig\u00e9nyfelm\u00e9r\u00e9s alapj\u00e1n koll\u00e9g\u00e1nk egy szem\u00e9lyes konzult\u00e1ci\u00f3s id\u0151pontot biztos\u00edt \u00d6nnek!<\/p>\n\n\n\n<p>G\u00f3g Tibor +36704253438<\/p>\n<\/div>\n\n\n\n<div class=\"is-layout-flow wp-block-column\" style=\"flex-basis:400px\">\n<figure class=\"wp-block-image size-large\"><img decoding=\"async\" loading=\"lazy\" width=\"1024\" height=\"1024\" src=\"https:\/\/providadevelopment.hu\/wp-content\/uploads\/2023\/03\/Providia-logo-1-1024x1024.jpg\" alt=\"\" class=\"wp-image-57\" srcset=\"http:\/\/providadevelopment.hu\/wp-content\/uploads\/2023\/03\/Providia-logo-1-1024x1024.jpg 1024w, http:\/\/providadevelopment.hu\/wp-content\/uploads\/2023\/03\/Providia-logo-1-300x300.jpg 300w, http:\/\/providadevelopment.hu\/wp-content\/uploads\/2023\/03\/Providia-logo-1-150x150.jpg 150w, http:\/\/providadevelopment.hu\/wp-content\/uploads\/2023\/03\/Providia-logo-1-768x768.jpg 768w, http:\/\/providadevelopment.hu\/wp-content\/uploads\/2023\/03\/Providia-logo-1-1536x1536.jpg 1536w, http:\/\/providadevelopment.hu\/wp-content\/uploads\/2023\/03\/Providia-logo-1.jpg 1772w\" sizes=\"(max-width: 1024px) 100vw, 1024px\" \/><\/figure>\n<\/div>\n<\/div>\n\n\n\n<div class=\"is-layout-flex wp-container-6 wp-block-columns\">\n<div class=\"is-layout-flow wp-block-column\">\n<figure class=\"wp-block-image size-large\"><img decoding=\"async\" loading=\"lazy\" width=\"768\" height=\"1024\" src=\"https:\/\/providadevelopment.hu\/wp-content\/uploads\/2023\/03\/img_5270-768x1024.jpg\" alt=\"\" class=\"wp-image-48\" srcset=\"http:\/\/providadevelopment.hu\/wp-content\/uploads\/2023\/03\/img_5270-768x1024.jpg 768w, http:\/\/providadevelopment.hu\/wp-content\/uploads\/2023\/03\/img_5270-225x300.jpg 225w, http:\/\/providadevelopment.hu\/wp-content\/uploads\/2023\/03\/img_5270-1152x1536.jpg 1152w, http:\/\/providadevelopment.hu\/wp-content\/uploads\/2023\/03\/img_5270-1536x2048.jpg 1536w, http:\/\/providadevelopment.hu\/wp-content\/uploads\/2023\/03\/img_5270-scaled.jpg 1920w\" sizes=\"(max-width: 768px) 100vw, 768px\" \/><\/figure>\n<\/div>\n\n\n\n<div class=\"is-layout-flow wp-block-column\" style=\"flex-basis:750px\">\n<h3 class=\"has-text-align-right\">T\u00e9rszkennel\u00e9s, Dr\u00f3nos fot\u00f3z\u00e1s<\/h3>\n\n\n\n<p>A dr\u00f3nok elterjed\u00e9s\u00e9vel az ipari haszn\u00e1latuk is egyre sz\u00e9lesebb k\u00f6r\u0171, az \u00e9p\u00fcletek, telep\u00fcl\u00e9sr\u00e9szek, f\u00f6ldter\u00fcletek fot\u00f3grammetriai felm\u00e9r\u00e9s\u00e9vel a tervez\u0151k nagy pontoss\u00e1g\u00fa, k\u00f6nnyen tervez\u0151 programba adapt\u00e1lhat\u00f3 inform\u00e1ci\u00f3kat kapnak, a projektek szeml\u00e9ltet\u00e9se \u00faj dimenzi\u00f3ba l\u00e9pett. A Kft. rendelkezik dr\u00f3nnal \u00e9s dr\u00f3npil\u00f3t\u00e1val, GPS vev\u0151vel, valamint egy DJI Zenmuse P1 kamer\u00e1val, mely a fot\u00f3grammetrikus felm\u00e9r\u00e9sekhez kifejlesztett egyetlen, sokoldal\u00fa \u00e9s prec\u00edz eszk\u00f6zben integr\u00e1lja a h\u00e1rom tengelyes stabiliz\u00e1l\u00e1st, a teljes k\u00e9pmez\u0151s szenzort \u00e9s a cser\u00e9lhet\u0151, fix f\u00f3kusz\u00fa lencs\u00e9ket. A kamera a hat\u00e9konys\u00e1got \u00e9s pontoss\u00e1got egy teljesen \u00faj szintre emeli. Ezen k\u00edv\u00fcl m\u00e9g egy DJI Zenmuse L1 kamer\u00e1val, mely integr\u00e1lja a LiDAR (l\u00e9zeres letapogat\u00f3 rendszer) technol\u00f3gi\u00e1t dr\u00f3nos felhaszn\u00e1l\u00e1sra \u00e9s nagyobb pontoss\u00e1ggal k\u00e9sz\u00edthet\u0151 vele domborzati \u00e9s fel\u00fcletmodell.<\/p>\n<\/div>\n<\/div>\n","protected":false},"excerpt":{"rendered":"<p>A Provida Development Kft. 2014-ben alakult, kezdetben \u00e9s jelenleg is f\u0151tev\u00e9kenys\u00e9gk\u00e9nt Eur\u00f3pai Uni\u00f3s p\u00e1ly\u00e1zatok projektmenedzsmentj\u00e9t l\u00e1tja el Tokaj-Hegyalj\u00e1n. A c\u00e9g fejl\u0151d\u00e9s\u00e9t a helyi ig\u00e9nyek \u2013 a beruh\u00e1z\u00e1sokhoz k\u00f6zel, megfelel\u0151 szak\u00e9rtelemmel rendelkez\u0151 menedzsment &#8211; gener\u00e1lt\u00e1k. A c\u00e9g sz\u00e9khelye Tokajban van, stabil \u00fcgyf\u00e9lk\u00f6rrel rendelkezik, amely sz\u00e1mottev\u0151en Tokaj-Hegyalj\u00e1r\u00f3l \u00e9s a k\u00f6rny\u00e9kr\u0151l sz\u00e1rmazik, de emellett sz\u00e1mos f\u0151v\u00e1rosi c\u00e9get is [&hellip;]<\/p>\n","protected":false},"author":1,"featured_media":0,"parent":0,"menu_order":0,"comment_status":"closed","ping_status":"closed","template":"","meta":{"_mi_skip_tracking":false},"yoast_head":"<!-- This site is optimized with the Yoast SEO plugin v20.3 - https:\/\/yoast.com\/wordpress\/plugins\/seo\/ -->\n<title>Bemutatkoz\u00e1s - providadevelopment.hu<\/title>\n<meta name=\"robots\" content=\"index, follow, max-snippet:-1, max-image-preview:large, max-video-preview:-1\" \/>\n<link rel=\"canonical\" href=\"https:\/\/providadevelopment.hu\/\" \/>\n<meta property=\"og:locale\" content=\"hu_HU\" \/>\n<meta property=\"og:type\" content=\"article\" \/>\n<meta property=\"og:title\" content=\"Bemutatkoz\u00e1s - providadevelopment.hu\" \/>\n<meta property=\"og:description\" content=\"A Provida Development Kft. 2014-ben alakult, kezdetben \u00e9s jelenleg is f\u0151tev\u00e9kenys\u00e9gk\u00e9nt Eur\u00f3pai Uni\u00f3s p\u00e1ly\u00e1zatok projektmenedzsmentj\u00e9t l\u00e1tja el Tokaj-Hegyalj\u00e1n. A c\u00e9g fejl\u0151d\u00e9s\u00e9t a helyi ig\u00e9nyek \u2013 a beruh\u00e1z\u00e1sokhoz k\u00f6zel, megfelel\u0151 szak\u00e9rtelemmel rendelkez\u0151 menedzsment &#8211; gener\u00e1lt\u00e1k. A c\u00e9g sz\u00e9khelye Tokajban van, stabil \u00fcgyf\u00e9lk\u00f6rrel rendelkezik, amely sz\u00e1mottev\u0151en Tokaj-Hegyalj\u00e1r\u00f3l \u00e9s a k\u00f6rny\u00e9kr\u0151l sz\u00e1rmazik, de emellett sz\u00e1mos f\u0151v\u00e1rosi c\u00e9get is [&hellip;]\" \/>\n<meta property=\"og:url\" content=\"https:\/\/providadevelopment.hu\/\" \/>\n<meta property=\"og:site_name\" content=\"providadevelopment.hu\" \/>\n<meta property=\"article:modified_time\" content=\"2023-03-20T07:52:50+00:00\" \/>\n<meta property=\"og:image\" content=\"https:\/\/providadevelopment.hu\/wp-content\/uploads\/2023\/03\/Providia-logo-1-1024x1024.jpg\" \/>\n<meta name=\"twitter:card\" content=\"summary_large_image\" \/>\n<meta name=\"twitter:label1\" content=\"Becs\u00fclt olvas\u00e1si id\u0151\" \/>\n\t<meta name=\"twitter:data1\" content=\"2 perc\" \/>\n<script type=\"application\/ld+json\" class=\"yoast-schema-graph\">{\"@context\":\"https:\/\/schema.org\",\"@graph\":[{\"@type\":\"WebPage\",\"@id\":\"https:\/\/providadevelopment.hu\/\",\"url\":\"https:\/\/providadevelopment.hu\/\",\"name\":\"Bemutatkoz\u00e1s - providadevelopment.hu\",\"isPartOf\":{\"@id\":\"https:\/\/providadevelopment.hu\/#website\"},\"datePublished\":\"2023-03-16T14:05:57+00:00\",\"dateModified\":\"2023-03-20T07:52:50+00:00\",\"breadcrumb\":{\"@id\":\"https:\/\/providadevelopment.hu\/#breadcrumb\"},\"inLanguage\":\"hu\",\"potentialAction\":[{\"@type\":\"ReadAction\",\"target\":[\"https:\/\/providadevelopment.hu\/\"]}]},{\"@type\":\"BreadcrumbList\",\"@id\":\"https:\/\/providadevelopment.hu\/#breadcrumb\",\"itemListElement\":[{\"@type\":\"ListItem\",\"position\":1,\"name\":\"Home\",\"item\":\"https:\/\/providadevelopment.hu\/\"},{\"@type\":\"ListItem\",\"position\":2,\"name\":\"Bemutatkoz\u00e1s\"}]},{\"@type\":\"WebSite\",\"@id\":\"https:\/\/providadevelopment.hu\/#website\",\"url\":\"https:\/\/providadevelopment.hu\/\",\"name\":\"providadevelopment.hu\",\"description\":\"\",\"potentialAction\":[{\"@type\":\"SearchAction\",\"target\":{\"@type\":\"EntryPoint\",\"urlTemplate\":\"https:\/\/providadevelopment.hu\/?s={search_term_string}\"},\"query-input\":\"required name=search_term_string\"}],\"inLanguage\":\"hu\"}]}<\/script>\n<!-- \/ Yoast SEO plugin. -->","yoast_head_json":{"title":"Bemutatkoz\u00e1s - providadevelopment.hu","robots":{"index":"index","follow":"follow","max-snippet":"max-snippet:-1","max-image-preview":"max-image-preview:large","max-video-preview":"max-video-preview:-1"},"canonical":"https:\/\/providadevelopment.hu\/","og_locale":"hu_HU","og_type":"article","og_title":"Bemutatkoz\u00e1s - providadevelopment.hu","og_description":"A Provida Development Kft. 2014-ben alakult, kezdetben \u00e9s jelenleg is f\u0151tev\u00e9kenys\u00e9gk\u00e9nt Eur\u00f3pai Uni\u00f3s p\u00e1ly\u00e1zatok projektmenedzsmentj\u00e9t l\u00e1tja el Tokaj-Hegyalj\u00e1n. A c\u00e9g fejl\u0151d\u00e9s\u00e9t a helyi ig\u00e9nyek \u2013 a beruh\u00e1z\u00e1sokhoz k\u00f6zel, megfelel\u0151 szak\u00e9rtelemmel rendelkez\u0151 menedzsment &#8211; gener\u00e1lt\u00e1k. A c\u00e9g sz\u00e9khelye Tokajban van, stabil \u00fcgyf\u00e9lk\u00f6rrel rendelkezik, amely sz\u00e1mottev\u0151en Tokaj-Hegyalj\u00e1r\u00f3l \u00e9s a k\u00f6rny\u00e9kr\u0151l sz\u00e1rmazik, de emellett sz\u00e1mos f\u0151v\u00e1rosi c\u00e9get is [&hellip;]","og_url":"https:\/\/providadevelopment.hu\/","og_site_name":"providadevelopment.hu","article_modified_time":"2023-03-20T07:52:50+00:00","og_image":[{"url":"https:\/\/providadevelopment.hu\/wp-content\/uploads\/2023\/03\/Providia-logo-1-1024x1024.jpg"}],"twitter_card":"summary_large_image","twitter_misc":{"Becs\u00fclt olvas\u00e1si id\u0151":"2 perc"},"schema":{"@context":"https:\/\/schema.org","@graph":[{"@type":"WebPage","@id":"https:\/\/providadevelopment.hu\/","url":"https:\/\/providadevelopment.hu\/","name":"Bemutatkoz\u00e1s - providadevelopment.hu","isPartOf":{"@id":"https:\/\/providadevelopment.hu\/#website"},"datePublished":"2023-03-16T14:05:57+00:00","dateModified":"2023-03-20T07:52:50+00:00","breadcrumb":{"@id":"https:\/\/providadevelopment.hu\/#breadcrumb"},"inLanguage":"hu","potentialAction":[{"@type":"ReadAction","target":["https:\/\/providadevelopment.hu\/"]}]},{"@type":"BreadcrumbList","@id":"https:\/\/providadevelopment.hu\/#breadcrumb","itemListElement":[{"@type":"ListItem","position":1,"name":"Home","item":"https:\/\/providadevelopment.hu\/"},{"@type":"ListItem","position":2,"name":"Bemutatkoz\u00e1s"}]},{"@type":"WebSite","@id":"https:\/\/providadevelopment.hu\/#website","url":"https:\/\/providadevelopment.hu\/","name":"providadevelopment.hu","description":"","potentialAction":[{"@type":"SearchAction","target":{"@type":"EntryPoint","urlTemplate":"https:\/\/providadevelopment.hu\/?s={search_term_string}"},"query-input":"required name=search_term_string"}],"inLanguage":"hu"}]}},"_links":{"self":[{"href":"http:\/\/providadevelopment.hu\/index.php?rest_route=\/wp\/v2\/pages\/24"}],"collection":[{"href":"http:\/\/providadevelopment.hu\/index.php?rest_route=\/wp\/v2\/pages"}],"about":[{"href":"http:\/\/providadevelopment.hu\/index.php?rest_route=\/wp\/v2\/types\/page"}],"author":[{"embeddable":true,"href":"http:\/\/providadevelopment.hu\/index.php?rest_route=\/wp\/v2\/users\/1"}],"replies":[{"embeddable":true,"href":"http:\/\/providadevelopment.hu\/index.php?rest_route=%2Fwp%2Fv2%2Fcomments&post=24"}],"version-history":[{"count":5,"href":"http:\/\/providadevelopment.hu\/index.php?rest_route=\/wp\/v2\/pages\/24\/revisions"}],"predecessor-version":[{"id":58,"href":"http:\/\/providadevelopment.hu\/index.php?rest_route=\/wp\/v2\/pages\/24\/revisions\/58"}],"wp:attachment":[{"href":"http:\/\/providadevelopment.hu\/index.php?rest_route=%2Fwp%2Fv2%2Fmedia&parent=24"}],"curies":[{"name":"wp","href":"https:\/\/api.w.org\/{rel}","templated":true}]}}